{"id":1694,"date":"2022-05-24T00:22:06","date_gmt":"2022-05-23T22:22:06","guid":{"rendered":"https:\/\/www.starkepfeiffer.de\/?page_id=1694"},"modified":"2024-12-02T14:12:49","modified_gmt":"2024-12-02T13:12:49","slug":"amundi-german-masters-pressekonferenz-dezember-2024","status":"publish","type":"page","link":"https:\/\/www.starkepfeiffer.de\/en\/amundi-german-masters-pressekonferenz-dezember-2024\/","title":{"rendered":"Amundi German Masters Pressekonferenz Dezember 2024"},"content":{"rendered":"<p style=\"margin-bottom: 6px; font-variant-numeric: normal; font-variant-east-asian: normal; font-stretch: normal; font-size: 19px; line-height: normal; font-family: Helvetica; color: #434343; letter-spacing: normal;\"><strong>Pressekonferenz des Amundi German Masters powered by VcG am 17.12.2024<\/strong><\/p>\n<p>F\u00fcr Ihre Zu- oder Absage bitten wir Sie folgendes Formular auszuf\u00fcllen und an uns zu \u00fcbermitteln.<\/p>\n<p style=\"margin-bottom: 6px; font-variant-numeric: normal; font-variant-east-asian: normal; font-stretch: normal; font-size: 19px; line-height: normal; font-family: Helvetica; color: #434343; letter-spacing: normal;\"><b>\u00a0<\/b><\/p>\n<p role=\"status\" aria-live=\"polite\" aria-atomic=\"true\">\n<ul><\/ul>\n<form action=\"\/wp-admin\/admin-ajax.php#wpcf7-f1699-o1\" method=\"post\" aria-label=\"Kontaktformular\" novalidate=\"novalidate\" data-status=\"init\">\n<input type=\"hidden\" name=\"_wpcf7\" value=\"1699\" \/><br \/>\n<input type=\"hidden\" name=\"_wpcf7_version\" value=\"5.8.3\" \/><br \/>\n<input type=\"hidden\" name=\"_wpcf7_locale\" value=\"de_DE\" \/><br \/>\n<input type=\"hidden\" name=\"_wpcf7_unit_tag\" value=\"wpcf7-f1699-o1\" \/><br \/>\n<input type=\"hidden\" name=\"_wpcf7_container_post\" value=\"0\" \/><br \/>\n<input type=\"hidden\" name=\"_wpcf7_posted_data_hash\" value=\"\" \/><br \/>\n<input type=\"hidden\" name=\"_wpcf7cf_hidden_group_fields\" value=\"[]\" \/><br \/>\n<input type=\"hidden\" name=\"_wpcf7cf_hidden_groups\" value=\"[]\" \/><br \/>\n<input type=\"hidden\" name=\"_wpcf7cf_visible_groups\" value=\"[]\" \/><br \/>\n<input type=\"hidden\" name=\"_wpcf7cf_repeaters\" value=\"[]\" \/><br \/>\n<input type=\"hidden\" name=\"_wpcf7cf_steps\" value=\"{}\" \/><br \/>\n<input type=\"hidden\" name=\"_wpcf7cf_options\" value=\"{&quot;form_id&quot;:1699,&quot;conditions&quot;:[],&quot;settings&quot;:{&quot;animation&quot;:&quot;yes&quot;,&quot;animation_intime&quot;:200,&quot;animation_outtime&quot;:200,&quot;conditions_ui&quot;:&quot;normal&quot;,&quot;notice_dismissed&quot;:false,&quot;notice_dismissed_rollback-cf7-5.6.4&quot;:true}}\" \/><br \/>\n<input type=\"hidden\" name=\"upload_dir\" value=\"tmp_uploads\" \/><br \/>\n<input type=\"hidden\" name=\"generate_name\" value=\"12-02-24-674db25133c7f\" \/><\/p>\n<p><label> Vorname* <input size=\"40\" aria-required=\"true\" aria-invalid=\"false\" value=\"\" type=\"text\" name=\"first-name\" \/> <\/label><br \/>\n<label> Nachname* <input size=\"40\" aria-required=\"true\" aria-invalid=\"false\" value=\"\" type=\"text\" name=\"last-name\" \/> <\/label><br \/>\n<label>Firma\/Medium <input size=\"40\" aria-required=\"true\" aria-invalid=\"false\" value=\"\" type=\"text\" name=\"medium\" \/><\/label><br \/>\n<label>Mobilnummer* <input size=\"40\" aria-required=\"true\" aria-invalid=\"false\" placeholder=\"Geben Sie ihre Mobilnummer ein\" value=\"\" type=\"tel\" name=\"telephone\" \/> <\/label><br \/>\n<label> Email* <input size=\"40\" aria-required=\"true\" aria-invalid=\"false\" value=\"\" type=\"email\" name=\"email\" \/> <\/label><br \/>\n<label>An der Pressekonferenz am 17.12.2024 bei den Green Eagle Golf Courses [checkbox Auswahl-Schreibtisch use_label_element &#8222;nehme ich teil&#8220;, &#8222;nehme ich nicht teil&#8220;]<\/label><br \/>\n<label> Please upload a picture of yourself for the possible creation of an authorization pass on site.* <i>(Maximum file size 4mb)<\/i><input size=\"40\" aria-required=\"true\" aria-invalid=\"false\" type=\"file\" multiple=\"multiple\" data-name=\"upload-file-agm23\" data-limit=\"4000000\" data-id=\"1699\" name=\"\" \/><\/label><br \/>\n<label>Comment <textarea cols=\"40\" rows=\"10\" aria-invalid=\"false\" name=\"textarea-916\"><\/textarea><\/label>\n<\/p>\n<p><label> Declaration of consent for the use of your data for the accreditation management of the Amundi German Masters.<\/label><br \/>\n<label><input type=\"checkbox\" name=\"acceptance-172\" value=\"1\" aria-invalid=\"false\" \/><b>I agree that my data will be used as part of the accreditation management for the Amundi German Masters.<\/b><\/label>\n<\/p>\n<p><label> We adhere to the principle of earmarked use of data and collect, process and store your personal data only for the purposes for which you have communicated it to us. Your personal data will not be passed on to third parties without your express consent, unless this is necessary to provide the service. The transmission to state institutions and authorities entitled to receive information also only takes place within the framework of the statutory information obligations or if we are obliged to provide information by a court decision.<\/label>\n<\/p>\n<p><label> You will receive information about your data stored by us free of charge at any time and without giving reasons. You can have the data we have collected blocked, corrected or deleted at any time. Please contact us about this at <a href=\"mailto:mail@starkepfeiffer.de\">mail@starkepfeiffer.de<\/a><\/label>\n<\/p>\n<p><input type=\"submit\" value=\"Submit\" \/>\n<\/p>\n<\/form>\n","protected":false},"excerpt":{"rendered":"<p>Pressekonferenz des Amundi German Masters powered by VcG am 17.12.2024  [&#8230;]<\/p>\n","protected":false},"author":1,"featured_media":0,"parent":0,"menu_order":0,"comment_status":"closed","ping_status":"closed","template":"..\/public\/views\/revslider-page-template.php","meta":{"footnotes":""},"class_list":["post-1694","page","type-page","status-publish","hentry"],"_links":{"self":[{"href":"https:\/\/www.starkepfeiffer.de\/en\/wp-json\/wp\/v2\/pages\/1694","targetHints":{"allow":["GET"]}}],"collection":[{"href":"https:\/\/www.starkepfeiffer.de\/en\/wp-json\/wp\/v2\/pages"}],"about":[{"href":"https:\/\/www.starkepfeiffer.de\/en\/wp-json\/wp\/v2\/types\/page"}],"author":[{"embeddable":true,"href":"https:\/\/www.starkepfeiffer.de\/en\/wp-json\/wp\/v2\/users\/1"}],"replies":[{"embeddable":true,"href":"https:\/\/www.starkepfeiffer.de\/en\/wp-json\/wp\/v2\/comments?post=1694"}],"version-history":[{"count":7,"href":"https:\/\/www.starkepfeiffer.de\/en\/wp-json\/wp\/v2\/pages\/1694\/revisions"}],"predecessor-version":[{"id":1702,"href":"https:\/\/www.starkepfeiffer.de\/en\/wp-json\/wp\/v2\/pages\/1694\/revisions\/1702"}],"wp:attachment":[{"href":"https:\/\/www.starkepfeiffer.de\/en\/wp-json\/wp\/v2\/media?parent=1694"}],"curies":[{"name":"wp","href":"https:\/\/api.w.org\/{rel}","templated":true}]}}